

{"id":239,"date":"2020-06-25T00:27:32","date_gmt":"2020-06-25T00:27:32","guid":{"rendered":"http:\/\/www.prmconcepcion.cl\/?page_id=239"},"modified":"2020-12-16T14:28:18","modified_gmt":"2020-12-16T14:28:18","slug":"239-2","status":"publish","type":"page","link":"https:\/\/prmconcepcion.minvu.gob.cl\/?page_id=239","title":{"rendered":"Respuestas Consulta P\u00fablica"},"content":{"rendered":"<p style=\"text-align: justify;\">Informes t\u00e9cnicos, respuestas a la Consulta P\u00fablica 11\u00b0 modificaci\u00f3n PRMC.<\/p>\n<p style=\"text-align: justify;\">Los siguientes\u00a0 documento contienen los informes de respuesta a las observaciones recibidas durante la Consulta P\u00fablica de la 11\u00aa modificaci\u00f3n del Plan Regulador Metropolitano de Concepci\u00f3n (PRMC) elaborado por la Secretar\u00eda Regional Ministerial de Vivienda y Urbanismo de la Regi\u00f3n del Biob\u00edo. La Consulta P\u00fablica fue efectuada entre el 12 de noviembre y 21 de diciembre del 2018, cumpliendo con lo se\u00f1alado en el art\u00edculo 24, del Decreto N\u00b0 32, Reglamento de la Evaluaci\u00f3n Ambiental Estrat\u00e9gica (Ministerio del Medio Ambiente, 2015)<\/p>\n\n\n<h5>Ver los archivos expuestos en la Consulta P\u00fablica 2018<\/h5>\n<p class=\" noticias-btn text-center\"><a class=\"btn text-white\" href=\"\/?page_id=233\/\" target=\"_blank\" rel=\"noopener noreferrer\"> ir a la p\u00e1gina<i class=\"fas fa-arrow-circle-right\"><\/i><\/a><\/p>\n\n\n\n<h5>Informe T\u00e9cnico capitulo 1<\/h5>\n<div class=\"d-none d-sm-block\"><embed type=\"application\/pdf\" src=\"wp-content\/uploads\/2020\/12\/INFORME-TECNICO-DERESPUESTA_Capitulo-1.pdf\" width=\"100%\" height=\"250\"><\/div>\n<p class=\" noticias-btn text-center\"><a class=\"btn text-white\" href=\"wp-content\/uploads\/2020\/12\/INFORME-TECNICO-DERESPUESTA_Capitulo-1.pdf\" target=\"_blank\" rel=\"noopener noreferrer\"><i class=\"fas fa-file-download\"><\/i> Descargar<\/a><\/p>\n\n\n\n<h5>Informe T\u00e9cnico capitulo 2<\/h5>\n\n<div class=\"d-none d-sm-block\">\n<embed type=\"application\/pdf\" src=\"\/wp-content\/prmc\/informe_tecnico_respuestas_Capitulo2.pdf\" width=\"100%\" height=\"250\">\n<\/div>\n\n<p class=\" noticias-btn text-center\"><a class=\"btn text-white\" href=\"\/wp-content\/prmc\/informe_tecnico_respuestas_Capitulo2.pdf\" target=\"_blank\" rel=\"noopener noreferrer\"><i class=\"fas fa-file-download\"><\/i> Descargar<\/a><\/p>\n","protected":false},"excerpt":{"rendered":"<p>Informes t\u00e9cnicos, respuestas a la Consulta P\u00fablica 11\u00b0 modificaci\u00f3n PRMC. Los siguientes\u00a0 documento contienen los [&hellip;]<\/p>\n","protected":false},"author":3,"featured_media":0,"parent":0,"menu_order":0,"comment_status":"closed","ping_status":"closed","template":"","meta":{"footnotes":""},"_links":{"self":[{"href":"https:\/\/prmconcepcion.minvu.gob.cl\/index.php?rest_route=\/wp\/v2\/pages\/239"}],"collection":[{"href":"https:\/\/prmconcepcion.minvu.gob.cl\/index.php?rest_route=\/wp\/v2\/pages"}],"about":[{"href":"https:\/\/prmconcepcion.minvu.gob.cl\/index.php?rest_route=\/wp\/v2\/types\/page"}],"author":[{"embeddable":true,"href":"https:\/\/prmconcepcion.minvu.gob.cl\/index.php?rest_route=\/wp\/v2\/users\/3"}],"replies":[{"embeddable":true,"href":"https:\/\/prmconcepcion.minvu.gob.cl\/index.php?rest_route=%2Fwp%2Fv2%2Fcomments&post=239"}],"version-history":[{"count":8,"href":"https:\/\/prmconcepcion.minvu.gob.cl\/index.php?rest_route=\/wp\/v2\/pages\/239\/revisions"}],"predecessor-version":[{"id":297,"href":"https:\/\/prmconcepcion.minvu.gob.cl\/index.php?rest_route=\/wp\/v2\/pages\/239\/revisions\/297"}],"wp:attachment":[{"href":"https:\/\/prmconcepcion.minvu.gob.cl\/index.php?rest_route=%2Fwp%2Fv2%2Fmedia&parent=239"}],"curies":[{"name":"wp","href":"https:\/\/api.w.org\/{rel}","templated":true}]}}