

{"id":233,"date":"2020-06-25T00:21:14","date_gmt":"2020-06-25T00:21:14","guid":{"rendered":"http:\/\/www.prmconcepcion.cl\/?page_id=233"},"modified":"2020-06-25T15:49:17","modified_gmt":"2020-06-25T15:49:17","slug":"consulta-publica-2018","status":"publish","type":"page","link":"https:\/\/prmconcepcion.minvu.gob.cl\/?page_id=233","title":{"rendered":"Consulta P\u00fablica 2018"},"content":{"rendered":"<p>Documentos expuestos en la Consulta P\u00fablica que se realiz\u00f3 entre el 12 de noviembre y 21 de diciembre de 2018<\/p>\n\n\n<div class=\"row m-b2\">\n\n<div class=\"col-1 bg-primary p-2 text-white text-center\"><i class=\"far fa-file-pdf\"><\/i> <\/div>\n<div class=\"col-10 bg-red1 p-2 text-white \">Memoria Explicativa 2018 <\/div>\n<div class=\"col-1 bg-dark p-2 text-white text-center\"><a class=\"text-white \" href=\"\/wp-content\/prmc\/doc\/02-memoria-explicativa-2018.pdf\" target=\"_blank\" rel=\"noopener noreferrer\"><i class=\"fas fa-file-download\"><\/i><\/a> <\/div>\n\n<\/div>\n\n<div class=\"row mb-2 mt-2\">\n\n<div class=\"col-1 bg-primary p-2 text-white text-center\"><i class=\"far fa-file-pdf\"><\/i> <\/div>\n<div class=\"col-10 bg-red1 p-2 text-white \">Ordenanza 2018 <\/div>\n<div class=\"col-1 bg-dark p-2 text-white text-center\"><a class=\"text-white \" href=\"\/wp-content\/prmc\/doc\/03-ordenanza-2018.pdf\" target=\"_blank\" rel=\"noopener noreferrer\"><i class=\"fas fa-file-download\"><\/i><\/a> <\/div>\n\n<\/div>\n\n<div class=\"row mb-2\">\n\n<div class=\"col-1 bg-primary p-2 text-white text-center\"><i class=\"far fa-file-pdf\"><\/i> <\/div>\n<div class=\"col-10 bg-red1 p-2 text-white \">Informe Ambiental 2018 <\/div>\n<div class=\"col-1 bg-dark p-2 text-white text-center\"><a class=\"text-white \" href=\"\/wp-content\/prmc\/doc\/01-informe-ambiental-2018.pdf\" target=\"_blank\" rel=\"noopener noreferrer\"><i class=\"fas fa-file-download\"><\/i><\/a> <\/div>\n\n<\/div>\n\n\n<h5><br \/>Planos de vialidad 2018<br \/><br \/><\/h5>\n\n\n<div class=\"row m-b2\">\n\n<div class=\"col-1 bg-primary p-2 text-white text-center\"><i class=\"far fa-file-pdf\"><\/i> <\/div>\n<div class=\"col-10 bg-red1 p-2 text-white \">Planos Vialidad 1 de 3 2018 <\/div>\n<div class=\"col-1 bg-dark p-2 text-white text-center\"><a class=\"text-white \" href=\"\/wp-content\/prmc\/doc\/05-Plano-vialidad-1de3_2018.pdf\" target=\"_blank\" rel=\"noopener noreferrer\"><i class=\"fas fa-file-download\"><\/i><\/a> <\/div>\n\n<\/div>\n\n<div class=\"row mb-2 mt-2\">\n\n<div class=\"col-1 bg-primary p-2 text-white text-center\"><i class=\"far fa-file-pdf\"><\/i> <\/div>\n<div class=\"col-10 bg-red1 p-2 text-white \">Planos Vialidad 2 de 3 2018 <\/div>\n<div class=\"col-1 bg-dark p-2 text-white text-center\"><a class=\"text-white \" href=\"\/wp-content\/prmc\/doc\/05-Plano-vialidad-2de3_2018.pdf\" target=\"_blank\" rel=\"noopener noreferrer\"><i class=\"fas fa-file-download\"><\/i><\/a> <\/div>\n\n<\/div>\n\n<div class=\"row mb-2\">\n\n<div class=\"col-1 bg-primary p-2 text-white text-center\"><i class=\"far fa-file-pdf\"><\/i> <\/div>\n<div class=\"col-10 bg-red1 p-2 text-white \">Planos Vialidad 3 de 3 2018 <\/div>\n<div class=\"col-1 bg-dark p-2 text-white text-center\"><a class=\"text-white \" href=\"\/wp-content\/prmc\/doc\/05-Plano-vialidad-3de3_2018.pdf\" target=\"_blank\" rel=\"noopener noreferrer\"><i class=\"fas fa-file-download\"><\/i><\/a> <\/div>\n\n<\/div>\n\n\n<h5><br \/>Planos Zonificaci\u00f3n 2018<br \/><br \/><\/h5>\n\n\n<div class=\"row m-b2\">\n\n<div class=\"col-1 bg-primary p-2 text-white text-center\"><i class=\"far fa-file-pdf\"><\/i> <\/div>\n<div class=\"col-10 bg-red1 p-2 text-white \">Planos Zonificaci\u00f3n 1 de 3 2018 <\/div>\n<div class=\"col-1 bg-dark p-2 text-white text-center\"><a class=\"text-white \" href=\"\/wp-content\/prmc\/doc\/04-Plano-Zonificacion-1de3_2018.pdf\" target=\"_blank\" rel=\"noopener noreferrer\"><i class=\"fas fa-file-download\"><\/i><\/a> <\/div>\n\n<\/div>\n\n<div class=\"row mb-2 mt-2\">\n\n<div class=\"col-1 bg-primary p-2 text-white text-center\"><i class=\"far fa-file-pdf\"><\/i> <\/div>\n<div class=\"col-10 bg-red1 p-2 text-white \">Planos Zonificaci\u00f3n 2 de 3 2018  <\/div>\n<div class=\"col-1 bg-dark p-2 text-white text-center\"><a class=\"text-white \" href=\"\/wp-content\/prmc\/doc\/04-Plano-Zonificacion-1de3_2018.pdf\" target=\"_blank\" rel=\"noopener noreferrer\"><i class=\"fas fa-file-download\"><\/i><\/a> <\/div>\n\n<\/div>\n\n<div class=\"row mb-2\">\n\n<div class=\"col-1 bg-primary p-2 text-white text-center\"><i class=\"far fa-file-pdf\"><\/i> <\/div>\n<div class=\"col-10 bg-red1 p-2 text-white \">Planos Zonificaci\u00f3n 3 de 3 2018  <\/div>\n<div class=\"col-1 bg-dark p-2 text-white text-center\"><a class=\"text-white \" href=\"\/wp-content\/prmc\/doc\/04-Plano-Zonificacion-1de3_2018.pdf\" target=\"_blank\" rel=\"noopener noreferrer\"><i class=\"fas fa-file-download\"><\/i><\/a> <\/div>\n\n<\/div>\n","protected":false},"excerpt":{"rendered":"<p>Documentos expuestos en la Consulta P\u00fablica que se realiz\u00f3 entre el 12 de noviembre y [&hellip;]<\/p>\n","protected":false},"author":3,"featured_media":0,"parent":0,"menu_order":0,"comment_status":"closed","ping_status":"closed","template":"","meta":{"footnotes":""},"_links":{"self":[{"href":"https:\/\/prmconcepcion.minvu.gob.cl\/index.php?rest_route=\/wp\/v2\/pages\/233"}],"collection":[{"href":"https:\/\/prmconcepcion.minvu.gob.cl\/index.php?rest_route=\/wp\/v2\/pages"}],"about":[{"href":"https:\/\/prmconcepcion.minvu.gob.cl\/index.php?rest_route=\/wp\/v2\/types\/page"}],"author":[{"embeddable":true,"href":"https:\/\/prmconcepcion.minvu.gob.cl\/index.php?rest_route=\/wp\/v2\/users\/3"}],"replies":[{"embeddable":true,"href":"https:\/\/prmconcepcion.minvu.gob.cl\/index.php?rest_route=%2Fwp%2Fv2%2Fcomments&post=233"}],"version-history":[{"count":8,"href":"https:\/\/prmconcepcion.minvu.gob.cl\/index.php?rest_route=\/wp\/v2\/pages\/233\/revisions"}],"predecessor-version":[{"id":267,"href":"https:\/\/prmconcepcion.minvu.gob.cl\/index.php?rest_route=\/wp\/v2\/pages\/233\/revisions\/267"}],"wp:attachment":[{"href":"https:\/\/prmconcepcion.minvu.gob.cl\/index.php?rest_route=%2Fwp%2Fv2%2Fmedia&parent=233"}],"curies":[{"name":"wp","href":"https:\/\/api.w.org\/{rel}","templated":true}]}}